{"id":38,"date":"2022-04-09T11:20:24","date_gmt":"2022-04-09T09:20:24","guid":{"rendered":"https:\/\/ajautocollection.fr\/?page_id=38"},"modified":"2022-11-26T17:41:55","modified_gmt":"2022-11-26T16:41:55","slug":"qui-sommes-nous","status":"publish","type":"page","link":"https:\/\/ajautocollection.fr\/index.php\/qui-sommes-nous\/","title":{"rendered":"Qui sommes nous ?"},"content":{"rendered":"<p>[et_pb_section fb_built=\u00a0\u00bb1&Prime; _builder_version=\u00a0\u00bb4.19.1&Prime; _module_preset=\u00a0\u00bbdefault\u00a0\u00bb background_image=\u00a0\u00bbhttps:\/\/ajautocollection.fr\/wp-content\/uploads\/2022\/11\/page-accueil.jpg\u00a0\u00bb background_size=\u00a0\u00bbinitial\u00a0\u00bb min_height=\u00a0\u00bb631px\u00a0\u00bb global_colors_info=\u00a0\u00bb{}\u00a0\u00bb][et_pb_row _builder_version=\u00a0\u00bb4.17.3&Prime; _module_preset=\u00a0\u00bbdefault\u00a0\u00bb global_colors_info=\u00a0\u00bb{}\u00a0\u00bb][et_pb_column type=\u00a0\u00bb4_4&Prime; _builder_version=\u00a0\u00bb4.17.3&Prime; _module_preset=\u00a0\u00bbdefault\u00a0\u00bb global_colors_info=\u00a0\u00bb{}\u00a0\u00bb][et_pb_text _builder_version=\u00a0\u00bb4.19.1&Prime; _module_preset=\u00a0\u00bbdefault\u00a0\u00bb text_font=\u00a0\u00bbLato|700||on|||||\u00a0\u00bb text_text_color=\u00a0\u00bb#FFFFFF\u00a0\u00bb text_font_size=\u00a0\u00bb40px\u00a0\u00bb text_letter_spacing=\u00a0\u00bb6px\u00a0\u00bb text_line_height=\u00a0\u00bb1.8em\u00a0\u00bb custom_padding=\u00a0\u00bb126px||||false|false\u00a0\u00bb hover_enabled=\u00a0\u00bb0&Prime; text_text_shadow_style=\u00a0\u00bbpreset1&Prime; text_text_shadow_blur_strength=\u00a0\u00bb0em\u00a0\u00bb global_colors_info=\u00a0\u00bb{}\u00a0\u00bb background_enable_color=\u00a0\u00bboff\u00a0\u00bb sticky_enabled=\u00a0\u00bb0&Prime;]<\/p>\n<p style=\"text-align: center;\"><strong>Alexandre Jacquet<\/strong><br \/><strong>Auto Collection<\/strong><\/p>\n<p>[\/et_pb_text][\/et_pb_column][\/et_pb_row][\/et_pb_section][et_pb_section fb_built=\u00a0\u00bb1&Prime; _builder_version=\u00a0\u00bb4.17.3&Prime; _module_preset=\u00a0\u00bbdefault\u00a0\u00bb custom_padding=\u00a0\u00bb113px|||||\u00a0\u00bb top_divider_style=\u00a0\u00bbarrow\u00a0\u00bb top_divider_color=\u00a0\u00bb#ac2424&Prime; bottom_divider_style=\u00a0\u00bbarrow\u00a0\u00bb bottom_divider_color=\u00a0\u00bb#ac2424&Prime; global_colors_info=\u00a0\u00bb{}\u00a0\u00bb][et_pb_row column_structure=\u00a0\u00bb1_2,1_2&Prime; _builder_version=\u00a0\u00bb4.17.3&Prime; _module_preset=\u00a0\u00bbdefault\u00a0\u00bb global_colors_info=\u00a0\u00bb{}\u00a0\u00bb][et_pb_column type=\u00a0\u00bb1_2&Prime; _builder_version=\u00a0\u00bb4.17.3&Prime; _module_preset=\u00a0\u00bbdefault\u00a0\u00bb global_colors_info=\u00a0\u00bb{}\u00a0\u00bb][et_pb_image src=\u00a0\u00bbhttps:\/\/ajautocollection.fr\/wp-content\/uploads\/2022\/04\/CRIT-AIR_VOITURE_COLLECTION_CAMPAGNE.jpg\u00a0\u00bb title_text=\u00a0\u00bbVoiture de collection\u00a0\u00bb _builder_version=\u00a0\u00bb4.17.3&Prime; _module_preset=\u00a0\u00bbdefault\u00a0\u00bb global_colors_info=\u00a0\u00bb{}\u00a0\u00bb][\/et_pb_image][\/et_pb_column][et_pb_column type=\u00a0\u00bb1_2&Prime; _builder_version=\u00a0\u00bb4.17.3&Prime; _module_preset=\u00a0\u00bbdefault\u00a0\u00bb global_colors_info=\u00a0\u00bb{}\u00a0\u00bb][et_pb_text _builder_version=\u00a0\u00bb4.17.3&Prime; _module_preset=\u00a0\u00bbdefault\u00a0\u00bb custom_margin=\u00a0\u00bb||0px|||\u00a0\u00bb global_colors_info=\u00a0\u00bb{}\u00a0\u00bb]<\/p>\n<h1><strong>Alexandre Jacquet<\/strong><\/h1>\n<p>[\/et_pb_text][et_pb_text _builder_version=\u00a0\u00bb4.17.4&Prime; _module_preset=\u00a0\u00bbdefault\u00a0\u00bb global_colors_info=\u00a0\u00bb{}\u00a0\u00bb]<\/p>\n<p>M\u00eame si ce n&rsquo;est pas tr\u00e8s original, Alexandre est passionn\u00e9 de vieilles voitures depuis son enfance. Il ne calcule plus le nombres de v\u00e9hicules qu&rsquo;il a d\u00e9mont\u00e9 et remont\u00e9, aid\u00e9 par son p\u00e8re carrossier. Dipl\u00f4m\u00e9 en carrosserie et m\u00e9canique, il se sp\u00e9cialise ensuite avec succ\u00e8s dans les v\u00e9hicules anciens et youngtimers.<\/p>\n<p>Alexandre \u00e0 ouvert son atelier AJ Auto Collection en 2021 dans la zone Artisanale La Beuglais \u00e0 Saint-M\u00e9loir-Des-Ondes. Il a d\u00e9veloppe une nouvelle sp\u00e9cialisation dans la restauration de voiture anciennes, poursuivant la lign\u00e9e de sa famille de carrossiers depuis 4 g\u00e9n\u00e9rations.<\/p>\n<p>La restauration, l&rsquo;achat et la vente de voiture vintage ainsi que de pi\u00e8ces d\u00e9tach\u00e9e sont au c\u0153ur de son activit\u00e9.<\/p>\n<p>Afin de satisfaire les amoureux de l&rsquo;histoire automobile, Alexandre vous attend dans son atelier pour toutes demandes particuli\u00e8res.<\/p>\n<p>[\/et_pb_text][\/et_pb_column][\/et_pb_row][et_pb_row _builder_version=\u00a0\u00bb4.17.3&Prime; _module_preset=\u00a0\u00bbdefault\u00a0\u00bb global_colors_info=\u00a0\u00bb{}\u00a0\u00bb][et_pb_column type=\u00a0\u00bb4_4&Prime; _builder_version=\u00a0\u00bb4.17.3&Prime; _module_preset=\u00a0\u00bbdefault\u00a0\u00bb global_colors_info=\u00a0\u00bb{}\u00a0\u00bb][et_pb_button button_url=\u00a0\u00bbhttps:\/\/ajautocollection.fr\/index.php\/contact\/\u00a0\u00bb button_text=\u00a0\u00bbContactez-nous !\u00a0\u00bb button_alignment=\u00a0\u00bbcenter\u00a0\u00bb _builder_version=\u00a0\u00bb4.17.3&Prime; _module_preset=\u00a0\u00bbdefault\u00a0\u00bb custom_button=\u00a0\u00bbon\u00a0\u00bb button_text_color=\u00a0\u00bb#FFFFFF\u00a0\u00bb button_bg_color=\u00a0\u00bbrgba(165,74,0,0.84)\u00a0\u00bb button_border_color=\u00a0\u00bb#AC2424&Prime; button_border_radius=\u00a0\u00bb15px\u00a0\u00bb button_font=\u00a0\u00bbLato|||on|||||\u00a0\u00bb button_icon=\u00a0\u00bb&#x24;||divi||400&Prime; background_layout=\u00a0\u00bbdark\u00a0\u00bb global_colors_info=\u00a0\u00bb{}\u00a0\u00bb][\/et_pb_button][\/et_pb_column][\/et_pb_row][\/et_pb_section]<\/p>\n","protected":false},"excerpt":{"rendered":"<p>Alexandre JacquetAuto CollectionAlexandre JacquetM\u00eame si ce n&rsquo;est pas tr\u00e8s original, Alexandre est passionn\u00e9 de vieilles voitures depuis son enfance. Il ne calcule plus le nombres de v\u00e9hicules qu&rsquo;il a d\u00e9mont\u00e9 et remont\u00e9, aid\u00e9 par son p\u00e8re carrossier. Dipl\u00f4m\u00e9 en carrosserie et m\u00e9canique, il se sp\u00e9cialise ensuite avec succ\u00e8s dans les v\u00e9hicules anciens et youngtimers. Alexandre [&hellip;]<\/p>\n","protected":false},"author":2,"featured_media":0,"parent":0,"menu_order":0,"comment_status":"closed","ping_status":"closed","template":"","meta":{"_et_pb_use_builder":"on","_et_pb_old_content":"","_et_gb_content_width":"","footnotes":""},"class_list":["post-38","page","type-page","status-publish","hentry"],"_links":{"self":[{"href":"https:\/\/ajautocollection.fr\/index.php\/wp-json\/wp\/v2\/pages\/38","targetHints":{"allow":["GET"]}}],"collection":[{"href":"https:\/\/ajautocollection.fr\/index.php\/wp-json\/wp\/v2\/pages"}],"about":[{"href":"https:\/\/ajautocollection.fr\/index.php\/wp-json\/wp\/v2\/types\/page"}],"author":[{"embeddable":true,"href":"https:\/\/ajautocollection.fr\/index.php\/wp-json\/wp\/v2\/users\/2"}],"replies":[{"embeddable":true,"href":"https:\/\/ajautocollection.fr\/index.php\/wp-json\/wp\/v2\/comments?post=38"}],"version-history":[{"count":11,"href":"https:\/\/ajautocollection.fr\/index.php\/wp-json\/wp\/v2\/pages\/38\/revisions"}],"predecessor-version":[{"id":872,"href":"https:\/\/ajautocollection.fr\/index.php\/wp-json\/wp\/v2\/pages\/38\/revisions\/872"}],"wp:attachment":[{"href":"https:\/\/ajautocollection.fr\/index.php\/wp-json\/wp\/v2\/media?parent=38"}],"curies":[{"name":"wp","href":"https:\/\/api.w.org\/{rel}","templated":true}]}}