{"id":292,"date":"2022-04-27T09:29:31","date_gmt":"2022-04-27T07:29:31","guid":{"rendered":"https:\/\/ajautocollection.fr\/?page_id=292"},"modified":"2022-04-27T09:53:31","modified_gmt":"2022-04-27T07:53:31","slug":"mentions-legales","status":"publish","type":"page","link":"https:\/\/ajautocollection.fr\/index.php\/mentions-legales\/","title":{"rendered":"Mentions L\u00e9gales"},"content":{"rendered":"<p>[et_pb_section fb_built=\u00a0\u00bb1&Prime; theme_builder_area=\u00a0\u00bbpost_content\u00a0\u00bb _builder_version=\u00a0\u00bb4.17.3&Prime; _module_preset=\u00a0\u00bbdefault\u00a0\u00bb][et_pb_row _builder_version=\u00a0\u00bb4.17.3&Prime; _module_preset=\u00a0\u00bbdefault\u00a0\u00bb theme_builder_area=\u00a0\u00bbpost_content\u00a0\u00bb box_shadow_style=\u00a0\u00bbpreset4&Prime; custom_padding=\u00a0\u00bb10px|10px|10px|10px|false|false\u00a0\u00bb border_width_all=\u00a0\u00bb1px\u00a0\u00bb border_color_all=\u00a0\u00bbrgba(0,0,0,0.56)\u00a0\u00bb border_radii=\u00a0\u00bbon|14px|14px|14px|14px\u00a0\u00bb hover_enabled=\u00a0\u00bb0&Prime; sticky_enabled=\u00a0\u00bb0&Prime;][et_pb_column _builder_version=\u00a0\u00bb4.17.3&Prime; _module_preset=\u00a0\u00bbdefault\u00a0\u00bb type=\u00a0\u00bb4_4&Prime; theme_builder_area=\u00a0\u00bbpost_content\u00a0\u00bb][et_pb_text _builder_version=\u00a0\u00bb4.17.3&Prime; _module_preset=\u00a0\u00bbdefault\u00a0\u00bb theme_builder_area=\u00a0\u00bbpost_content\u00a0\u00bb hover_enabled=\u00a0\u00bb0&Prime; sticky_enabled=\u00a0\u00bb0&Prime; background_color=\u00a0\u00bbrgba(0,0,0,0.1)\u00a0\u00bb custom_padding=\u00a0\u00bb5px|5px|5px|5px|false|false\u00a0\u00bb border_radii=\u00a0\u00bbon|9px|9px|9px|9px\u00a0\u00bb]<\/p>\n<p><strong>En application des dispositions de l\u2019article 6 III-1 de la Loi n\u00b0 2004-575 du 21 juin 2004 pour la confiance dans l\u2019\u00e9conomie num\u00e9rique, nous vous informons que:<\/strong><\/p>\n<p>[\/et_pb_text][et_pb_text _builder_version=\u00a0\u00bb4.17.3&Prime; _module_preset=\u00a0\u00bbdefault\u00a0\u00bb theme_builder_area=\u00a0\u00bbpost_content\u00a0\u00bb hover_enabled=\u00a0\u00bb0&Prime; sticky_enabled=\u00a0\u00bb0&Prime;]<\/p>\n<p><strong>Soci\u00e9t\u00e9 \u00e9ditrice :<\/strong><\/p>\n<p>Enseigne : AJ Auto Collection<br \/>SIRET :<span>\u00a0<\/span><span> 90413183600010<\/span><br \/>Code APE: <span>4520B<\/span><br \/>Si\u00e8ge social : Artisanale La Beuglais<br \/>35350 Saint-M\u00e9loir-des-Ondes<br \/>ajautocollection@gmail.com<\/p>\n<p>&nbsp;<\/p>\n<p><strong>Repr\u00e9sentant l\u00e9gale :<\/strong><\/p>\n<p>Jacquet Alexandre<br \/>Artisanale La Beuglais, 35350 Saint-M\u00e9loir-des-Ondes<br \/>E-mail : ajautocollection@gmail.com<\/p>\n<p>&nbsp;<\/p>\n<p><strong>H\u00e9bergement du site www.ajautocollection.fr par :<\/strong><\/p>\n<p>OVH<br \/>SAS au capital de 10 000 000 \u20ac<br \/>RCS Roubaix \u2013 Tourcoing 424 761 419 00045<br \/>Code APE 6202A<br \/>N\u00b0 TVA : FR 22 424 761 419<br \/>Si\u00e8ge social : 2 rue Kellermann \u2013 59100 Roubaix \u2013 France.<\/p>\n<p>[\/et_pb_text][\/et_pb_column][\/et_pb_row][\/et_pb_section]<\/p>\n","protected":false},"excerpt":{"rendered":"<p>En application des dispositions de l\u2019article 6 III-1 de la Loi n\u00b0 2004-575 du 21 juin 2004 pour la confiance dans l\u2019\u00e9conomie num\u00e9rique, nous vous informons que:Soci\u00e9t\u00e9 \u00e9ditrice : Enseigne : AJ Auto CollectionSIRET :\u00a0 90413183600010Code APE: 4520BSi\u00e8ge social : Artisanale La Beuglais35350 Saint-M\u00e9loir-des-Ondesajautocollection@gmail.com &nbsp; Repr\u00e9sentant l\u00e9gale : Jacquet AlexandreArtisanale La Beuglais, 35350 Saint-M\u00e9loir-des-OndesE-mail : [&hellip;]<\/p>\n","protected":false},"author":1,"featured_media":0,"parent":0,"menu_order":0,"comment_status":"closed","ping_status":"closed","template":"","meta":{"_et_pb_use_builder":"on","_et_pb_old_content":"","_et_gb_content_width":"","footnotes":""},"class_list":["post-292","page","type-page","status-publish","hentry"],"_links":{"self":[{"href":"https:\/\/ajautocollection.fr\/index.php\/wp-json\/wp\/v2\/pages\/292","targetHints":{"allow":["GET"]}}],"collection":[{"href":"https:\/\/ajautocollection.fr\/index.php\/wp-json\/wp\/v2\/pages"}],"about":[{"href":"https:\/\/ajautocollection.fr\/index.php\/wp-json\/wp\/v2\/types\/page"}],"author":[{"embeddable":true,"href":"https:\/\/ajautocollection.fr\/index.php\/wp-json\/wp\/v2\/users\/1"}],"replies":[{"embeddable":true,"href":"https:\/\/ajautocollection.fr\/index.php\/wp-json\/wp\/v2\/comments?post=292"}],"version-history":[{"count":2,"href":"https:\/\/ajautocollection.fr\/index.php\/wp-json\/wp\/v2\/pages\/292\/revisions"}],"predecessor-version":[{"id":295,"href":"https:\/\/ajautocollection.fr\/index.php\/wp-json\/wp\/v2\/pages\/292\/revisions\/295"}],"wp:attachment":[{"href":"https:\/\/ajautocollection.fr\/index.php\/wp-json\/wp\/v2\/media?parent=292"}],"curies":[{"name":"wp","href":"https:\/\/api.w.org\/{rel}","templated":true}]}}